{"id":21105,"date":"2024-10-22T11:23:21","date_gmt":"2024-10-22T08:23:21","guid":{"rendered":"https:\/\/dreamtasarim.com\/?page_id=21105"},"modified":"2024-10-22T11:23:22","modified_gmt":"2024-10-22T08:23:22","slug":"3d-print-baski-model","status":"publish","type":"page","link":"https:\/\/dreamtasarim.com\/index.php\/3d-print-baski-model\/","title":{"rendered":"3D Print Bask\u0131 Model"},"content":{"rendered":"\n<p>3D bask\u0131 teknolojisi, modern \u00fcretim s\u00fcre\u00e7lerinde devrim yaratmaktad\u0131r. Bu s\u00fcre\u00e7, dijital tasar\u0131mlar\u0131n fiziksel nesnelere d\u00f6n\u00fc\u015ft\u00fcr\u00fclmesini sa\u011flayan yenilik\u00e7i bir y\u00f6ntemdir. Geli\u015fmi\u015f 3D yaz\u0131c\u0131lar, prototiplerden nihai \u00fcr\u00fcnlere kadar geni\u015f bir yelpazede kullan\u0131m imkan\u0131 sunar.<\/p>\n\n\n\n<p>Web sitemizde, 3D bask\u0131 ile ilgili en g\u00fcncel bilgiler, uygulama alanlar\u0131 ve teknik bilgiler bulabilirsiniz. 3D bask\u0131n\u0131n avantajlar\u0131 aras\u0131nda maliyet etkinli\u011fi, tasar\u0131m esnekli\u011fi ve \u00fcretim s\u00fcresinin k\u0131salmas\u0131 yer al\u0131r. \u0130ster hobi ama\u00e7l\u0131, ister end\u00fcstriyel uygulamalar i\u00e7in olsun, 3D bask\u0131 d\u00fcnyan\u0131n gelece\u011fini \u015fekillendirmeye devam ediyor.<\/p>\n\n\n\n<p>Modellerimiz olabilecek en ince ayarda en en iyi PLA + Malzeme ile bas\u0131lmaktad\u0131r.<\/p>\n\n\n\n<figure class=\"wp-block-gallery has-nested-images columns-default is-cropped wp-block-gallery-1 is-layout-flex wp-block-gallery-is-layout-flex\">\n<figure class=\"wp-block-image size-large\"><img loading=\"lazy\" decoding=\"async\" width=\"1024\" height=\"601\" data-id=\"21107\" src=\"https:\/\/dreamtasarim.com\/wp-content\/uploads\/2024\/10\/3d-printed-objects-1024x601.webp\" alt=\"3d printer bask\u0131 hizmeti\" class=\"wp-image-21107\" srcset=\"https:\/\/dreamtasarim.com\/wp-content\/uploads\/2024\/10\/3d-printed-objects-1024x601.webp 1024w, https:\/\/dreamtasarim.com\/wp-content\/uploads\/2024\/10\/3d-printed-objects-300x176.webp 300w, https:\/\/dreamtasarim.com\/wp-content\/uploads\/2024\/10\/3d-printed-objects-768x450.webp 768w, https:\/\/dreamtasarim.com\/wp-content\/uploads\/2024\/10\/3d-printed-objects-1536x901.webp 1536w, https:\/\/dreamtasarim.com\/wp-content\/uploads\/2024\/10\/3d-printed-objects.webp 2000w\" sizes=\"auto, (max-width: 1024px) 100vw, 1024px\" \/><\/figure>\n\n\n\n<figure class=\"wp-block-image size-large\"><img loading=\"lazy\" decoding=\"async\" width=\"1024\" height=\"576\" data-id=\"21108\" src=\"https:\/\/dreamtasarim.com\/wp-content\/uploads\/2024\/10\/man-editing-using-3d-printing-software_654c7e8c-b1ef-44fc-bdb0-91f4545443a4-1-1024x576.webp\" alt=\"3d printer bask\u0131 hizmeti\" class=\"wp-image-21108\" srcset=\"https:\/\/dreamtasarim.com\/wp-content\/uploads\/2024\/10\/man-editing-using-3d-printing-software_654c7e8c-b1ef-44fc-bdb0-91f4545443a4-1-1024x576.webp 1024w, https:\/\/dreamtasarim.com\/wp-content\/uploads\/2024\/10\/man-editing-using-3d-printing-software_654c7e8c-b1ef-44fc-bdb0-91f4545443a4-1-300x169.webp 300w, https:\/\/dreamtasarim.com\/wp-content\/uploads\/2024\/10\/man-editing-using-3d-printing-software_654c7e8c-b1ef-44fc-bdb0-91f4545443a4-1-768x432.webp 768w, https:\/\/dreamtasarim.com\/wp-content\/uploads\/2024\/10\/man-editing-using-3d-printing-software_654c7e8c-b1ef-44fc-bdb0-91f4545443a4-1-1536x864.webp 1536w, https:\/\/dreamtasarim.com\/wp-content\/uploads\/2024\/10\/man-editing-using-3d-printing-software_654c7e8c-b1ef-44fc-bdb0-91f4545443a4-1.webp 2046w\" sizes=\"auto, (max-width: 1024px) 100vw, 1024px\" \/><\/figure>\n\n\n\n<figure class=\"wp-block-image size-large\"><img loading=\"lazy\" decoding=\"async\" width=\"1024\" height=\"512\" data-id=\"21109\" src=\"https:\/\/dreamtasarim.com\/wp-content\/uploads\/2024\/10\/mechanical_3D_print-1024x512.jpg\" alt=\"3d printer bask\u0131 hizmeti\" class=\"wp-image-21109\" srcset=\"https:\/\/dreamtasarim.com\/wp-content\/uploads\/2024\/10\/mechanical_3D_print-1024x512.jpg 1024w, https:\/\/dreamtasarim.com\/wp-content\/uploads\/2024\/10\/mechanical_3D_print-300x150.jpg 300w, https:\/\/dreamtasarim.com\/wp-content\/uploads\/2024\/10\/mechanical_3D_print-768x384.jpg 768w, https:\/\/dreamtasarim.com\/wp-content\/uploads\/2024\/10\/mechanical_3D_print-1536x768.jpg 1536w, https:\/\/dreamtasarim.com\/wp-content\/uploads\/2024\/10\/mechanical_3D_print.jpg 1580w\" sizes=\"auto, (max-width: 1024px) 100vw, 1024px\" \/><\/figure>\n\n\n\n<figure class=\"wp-block-image size-large\"><img loading=\"lazy\" decoding=\"async\" width=\"1024\" height=\"575\" data-id=\"21110\" src=\"https:\/\/dreamtasarim.com\/wp-content\/uploads\/2024\/10\/Ra2eDEHyJuKakfYHzZudcL-1024x575.jpg\" alt=\"3d printer bask\u0131 hizmeti\" class=\"wp-image-21110\" srcset=\"https:\/\/dreamtasarim.com\/wp-content\/uploads\/2024\/10\/Ra2eDEHyJuKakfYHzZudcL-1024x575.jpg 1024w, https:\/\/dreamtasarim.com\/wp-content\/uploads\/2024\/10\/Ra2eDEHyJuKakfYHzZudcL-300x169.jpg 300w, https:\/\/dreamtasarim.com\/wp-content\/uploads\/2024\/10\/Ra2eDEHyJuKakfYHzZudcL-768x431.jpg 768w, https:\/\/dreamtasarim.com\/wp-content\/uploads\/2024\/10\/Ra2eDEHyJuKakfYHzZudcL.jpg 1280w\" sizes=\"auto, (max-width: 1024px) 100vw, 1024px\" \/><figcaption class=\"wp-element-caption\">Man is holding object printed on metal 3d printer. Object printed in laser sintering machine. Modern 3D printer printing from metal powder. Progressive additive DMLS, SLM, SLS 3d printing technology<\/figcaption><\/figure>\n<\/figure>\n\n\n\n<p><strong>DAK\u0130KASI : 10 TL &#8216;D\u0130R.<\/strong><\/p>\n","protected":false},"excerpt":{"rendered":"<p>3D bask\u0131 teknolojisi, modern \u00fcretim s\u00fcre\u00e7lerinde devrim yaratmaktad\u0131r. Bu s\u00fcre\u00e7, dijital tasar\u0131mlar\u0131n fiziksel nesnelere d\u00f6n\u00fc\u015ft\u00fcr\u00fclmesini sa\u011flayan yenilik\u00e7i bir y\u00f6ntemdir. Geli\u015fmi\u015f 3D yaz\u0131c\u0131lar, prototiplerden nihai \u00fcr\u00fcnlere kadar geni\u015f bir yelpazede kullan\u0131m<\/p>\n","protected":false},"author":1,"featured_media":21106,"parent":0,"menu_order":0,"comment_status":"closed","ping_status":"closed","template":"","meta":{"footnotes":""},"class_list":["post-21105","page","type-page","status-publish","has-post-thumbnail","hentry"],"_links":{"self":[{"href":"https:\/\/dreamtasarim.com\/index.php\/wp-json\/wp\/v2\/pages\/21105","targetHints":{"allow":["GET"]}}],"collection":[{"href":"https:\/\/dreamtasarim.com\/index.php\/wp-json\/wp\/v2\/pages"}],"about":[{"href":"https:\/\/dreamtasarim.com\/index.php\/wp-json\/wp\/v2\/types\/page"}],"author":[{"embeddable":true,"href":"https:\/\/dreamtasarim.com\/index.php\/wp-json\/wp\/v2\/users\/1"}],"replies":[{"embeddable":true,"href":"https:\/\/dreamtasarim.com\/index.php\/wp-json\/wp\/v2\/comments?post=21105"}],"version-history":[{"count":1,"href":"https:\/\/dreamtasarim.com\/index.php\/wp-json\/wp\/v2\/pages\/21105\/revisions"}],"predecessor-version":[{"id":21112,"href":"https:\/\/dreamtasarim.com\/index.php\/wp-json\/wp\/v2\/pages\/21105\/revisions\/21112"}],"wp:featuredmedia":[{"embeddable":true,"href":"https:\/\/dreamtasarim.com\/index.php\/wp-json\/wp\/v2\/media\/21106"}],"wp:attachment":[{"href":"https:\/\/dreamtasarim.com\/index.php\/wp-json\/wp\/v2\/media?parent=21105"}],"curies":[{"name":"wp","href":"https:\/\/api.w.org\/{rel}","templated":true}]}}